{"id":72,"date":"2023-04-04T17:41:52","date_gmt":"2023-04-04T15:41:52","guid":{"rendered":"https:\/\/atelieremiliefilimon.fr\/?page_id=72"},"modified":"2025-11-03T22:42:00","modified_gmt":"2025-11-03T21:42:00","slug":"prestations-atelier-emilie-filimon","status":"publish","type":"page","link":"https:\/\/atelieremiliefilimon.fr\/index.php\/prestations-atelier-emilie-filimon\/","title":{"rendered":"PRESTATIONS"},"content":{"rendered":"\n<div class=\"wp-block-group\" style=\"padding-bottom:var(--wp--preset--spacing--20)\"><div class=\"wp-block-group__inner-container is-layout-constrained wp-block-group-is-layout-constrained\">\n<div class=\"wp-block-columns are-vertically-aligned-center is-layout-flex wp-container-core-columns-is-layout-9d6595d7 wp-block-columns-is-layout-flex\">\n<div class=\"wp-block-column is-vertically-aligned-center is-layout-flow wp-block-column-is-layout-flow\" style=\"padding-top:0;padding-bottom:0;flex-basis:100%\">\n<p class=\"has-text-align-center\" style=\"font-size:16px;font-style:normal;font-weight:300;line-height:2\">Atelier sp\u00e9cialis\u00e9 : restauration de <strong>peintures \u00e0 l\u2019huile <\/strong>sur <strong>toile, bois, carton, cuivre<\/strong>.<br>Chaque \u0153uvre fait l\u2019objet d\u2019une <strong>\u00e9tude approfondie<\/strong> pour un protocole de <strong>restauration sur mesure<\/strong>.<\/p>\n<\/div>\n<\/div>\n<\/div><\/div>\n\n\n\n<h2 class=\"wp-block-heading has-text-align-center\" style=\"padding-top:0;padding-right:0;padding-bottom:var(--wp--preset--spacing--60);padding-left:0;font-size:16px;font-style:normal;font-weight:300;text-decoration:underline\"><strong>Principales prestations de couche picturale et support<\/strong><\/h2>\n\n\n\n<div class=\"wp-block-columns are-vertically-aligned-center interventions has-theme-palette-3-color has-theme-palette-9-background-color has-text-color has-background has-link-color wp-elements-eca484e3a26fc5bd392ba2ae85fc5cbc is-layout-flex wp-container-core-columns-is-layout-9d6595d7 wp-block-columns-is-layout-flex\">\n<div class=\"wp-block-column is-vertically-aligned-center is-layout-flow wp-block-column-is-layout-flow\">\n<ul class=\"ul1\">\n<li class=\"li1\">\n<p><span class=\"s2\">Refixage et consolidation de pertes de mati\u00e8re picturale<\/span><\/p>\n<\/li>\n<li class=\"li1\">\n<p><span class=\"s2\">D\u00e9crassage et all\u00e8gement de vernis<\/span><\/p>\n<\/li>\n<li class=\"li1\">\n<p><span class=\"s2\">Comblement des lacunes<\/span><\/p>\n<\/li>\n<li class=\"li1\">\n<p><span class=\"s2\">R\u00e9int\u00e9gration chromatique<\/span><\/p>\n<\/li>\n<li class=\"li1\">\n<p><span class=\"s2\">Couche de protection<\/span><\/p>\n<\/li>\n<li class=\"li1\">\n<p><span class=\"s2\">Reprise des d\u00e9formations localis\u00e9es, des d\u00e9chirures, des trous\u2026<\/span><\/p>\n<\/li>\n<li class=\"li1\">\n<p><span class=\"s2\">Consolidation du support dans son ensemble si n\u00e9cessaire<\/span><\/p>\n<\/li>\n<li class=\"li1\">\n<p><span class=\"s2\">Traitement des moisissures, des insectes xylophages<\/span><\/p>\n<\/li>\n<\/ul>\n<\/div>\n\n\n\n<div class=\"wp-block-column is-vertically-aligned-center has-theme-palette-9-background-color has-background is-layout-flow wp-block-column-is-layout-flow\" style=\"padding-bottom:0px\">\n<div class=\"alignnormal\"><div id=\"metaslider-id-450\" style=\"max-width: 600px;\" class=\"ml-slider-3-107-0 metaslider metaslider-flex metaslider-450 ml-slider ml-slider-lightbox-2-22-0 firelight-lightbox-2-3-19 ms-theme-outline nav-hidden\" role=\"region\" aria-label=\"Prestations\" data-height=\"400\" data-width=\"600\">\n    <div id=\"metaslider_container_450\">\n        <div id=\"metaslider_450\">\n            <ul class='slides'>\n                <li style=\"display: block; width: 100%;\" class=\"slide-680 ms-image \" aria-roledescription=\"slide\" data-date=\"2024-03-02 16:25:58\" data-filename=\"test-dallegement-de-vernis-scaled-600x400.jpg\" data-slide-type=\"image\"><a href=\"https:\/\/atelieremiliefilimon.fr\/wp-content\/uploads\/2024\/03\/test-dallegement-de-vernis-scaled.jpg\" data-src=\"https:\/\/atelieremiliefilimon.fr\/wp-content\/uploads\/2024\/03\/test-dallegement-de-vernis-scaled.jpg\" data-thumb=\"https:\/\/atelieremiliefilimon.fr\/wp-content\/uploads\/2024\/03\/test-dallegement-de-vernis-scaled-600x400.jpg\" class=\"ml-lightbox-enabled\"><img loading=\"lazy\" decoding=\"async\" src=\"https:\/\/atelieremiliefilimon.fr\/wp-content\/uploads\/2024\/03\/test-dallegement-de-vernis-scaled-600x400.jpg\" height=\"400\" width=\"600\" alt=\"prestations-test d&#039;all\u00e9gement de vernis\" class=\"slider-450 slide-680 msDefaultImage\" title=\"test d&#039;alle\u0301gement de vernis\" \/><\/a><div class=\"caption-wrap\"><div class=\"caption\"><div><strong>Test d'all\u00e9gement du vernis<\/strong><\/div><\/div><\/div><\/li>\n                <li style=\"display: none; width: 100%;\" class=\"slide-685 ms-image \" aria-roledescription=\"slide\" data-date=\"2024-03-02 16:46:03\" data-filename=\"Allegement-de-vernis-scaled-600x400.jpg\" data-slide-type=\"image\"><a href=\"https:\/\/atelieremiliefilimon.fr\/wp-content\/uploads\/2024\/03\/Allegement-de-vernis-scaled.jpg\" data-src=\"https:\/\/atelieremiliefilimon.fr\/wp-content\/uploads\/2024\/03\/Allegement-de-vernis-scaled.jpg\" data-thumb=\"https:\/\/atelieremiliefilimon.fr\/wp-content\/uploads\/2024\/03\/Allegement-de-vernis-scaled-600x400.jpg\" class=\"ml-lightbox-enabled\"><img loading=\"lazy\" decoding=\"async\" src=\"https:\/\/atelieremiliefilimon.fr\/wp-content\/uploads\/2024\/03\/Allegement-de-vernis-scaled-600x400.jpg\" height=\"400\" width=\"600\" alt=\"prestations-all\u00e9gement de vernis\" class=\"slider-450 slide-685 msDefaultImage\" title=\"Alle\u0301gement de vernis\" \/><\/a><div class=\"caption-wrap\"><div class=\"caption\"><div><strong>Avant \/ Apr\u00e8s all\u00e9gement du vernis<\/strong><\/div><\/div><\/div><\/li>\n                <li style=\"display: none; width: 100%;\" class=\"slide-686 ms-image \" aria-roledescription=\"slide\" data-date=\"2024-03-02 16:46:03\" data-filename=\"Masticage-scaled-600x400.jpg\" data-slide-type=\"image\"><a href=\"https:\/\/atelieremiliefilimon.fr\/wp-content\/uploads\/2024\/03\/Masticage-scaled.jpg\" data-src=\"https:\/\/atelieremiliefilimon.fr\/wp-content\/uploads\/2024\/03\/Masticage-scaled.jpg\" data-thumb=\"https:\/\/atelieremiliefilimon.fr\/wp-content\/uploads\/2024\/03\/Masticage-scaled-600x400.jpg\" class=\"ml-lightbox-enabled\"><img loading=\"lazy\" decoding=\"async\" src=\"https:\/\/atelieremiliefilimon.fr\/wp-content\/uploads\/2024\/03\/Masticage-scaled-600x400.jpg\" height=\"400\" width=\"600\" alt=\"prestations-masticage\" class=\"slider-450 slide-686 msDefaultImage\" title=\"Masticage\" \/><\/a><div class=\"caption-wrap\"><div class=\"caption\"><div><strong>Ragr\u00e9age du mastic<\/strong><\/div><\/div><\/div><\/li>\n                <li style=\"display: none; width: 100%;\" class=\"slide-687 ms-image \" aria-roledescription=\"slide\" data-date=\"2024-03-02 16:46:04\" data-filename=\"Retouche-scaled-600x400.jpg\" data-slide-type=\"image\"><a href=\"https:\/\/atelieremiliefilimon.fr\/wp-content\/uploads\/2024\/03\/Retouche-scaled.jpg\" data-src=\"https:\/\/atelieremiliefilimon.fr\/wp-content\/uploads\/2024\/03\/Retouche-scaled.jpg\" data-thumb=\"https:\/\/atelieremiliefilimon.fr\/wp-content\/uploads\/2024\/03\/Retouche-scaled-600x400.jpg\" class=\"ml-lightbox-enabled\"><img loading=\"lazy\" decoding=\"async\" src=\"https:\/\/atelieremiliefilimon.fr\/wp-content\/uploads\/2024\/03\/Retouche-scaled-600x400.jpg\" height=\"400\" width=\"600\" alt=\"prestations-r\u00e9int\u00e9gration chromatique\" class=\"slider-450 slide-687 msDefaultImage\" title=\"Retouche\" \/><\/a><div class=\"caption-wrap\"><div class=\"caption\"><div><strong>R\u00e9int\u00e9gration chromatique<\/strong><\/div><\/div><\/div><\/li>\n                <li style=\"display: none; width: 100%;\" class=\"slide-836 ms-image \" aria-roledescription=\"slide\" data-date=\"2024-03-05 22:14:07\" data-filename=\"Dechirure-phare-scaled-600x400.jpg\" data-slide-type=\"image\"><a href=\"https:\/\/atelieremiliefilimon.fr\/wp-content\/uploads\/2024\/03\/Dechirure-phare-scaled.jpg\" data-src=\"https:\/\/atelieremiliefilimon.fr\/wp-content\/uploads\/2024\/03\/Dechirure-phare-scaled.jpg\" data-thumb=\"https:\/\/atelieremiliefilimon.fr\/wp-content\/uploads\/2024\/03\/Dechirure-phare-scaled-600x400.jpg\" class=\"ml-lightbox-enabled\"><img loading=\"lazy\" decoding=\"async\" src=\"https:\/\/atelieremiliefilimon.fr\/wp-content\/uploads\/2024\/03\/Dechirure-phare-scaled-600x400.jpg\" height=\"400\" width=\"600\" alt=\"prestations-d\u00e9chirure phare\" class=\"slider-450 slide-836 msDefaultImage\" title=\"De\u0301chirure phare\" \/><\/a><div class=\"caption-wrap\"><div class=\"caption\"><div><strong>D\u00e9chirure<\/strong><\/div><\/div><\/div><\/li>\n                <li style=\"display: none; width: 100%;\" class=\"slide-837 ms-image \" aria-roledescription=\"slide\" data-date=\"2024-03-05 22:14:07\" data-filename=\"Remise-en-tension-scaled-600x400.jpg\" data-slide-type=\"image\"><a href=\"https:\/\/atelieremiliefilimon.fr\/wp-content\/uploads\/2024\/03\/Remise-en-tension-scaled.jpg\" data-src=\"https:\/\/atelieremiliefilimon.fr\/wp-content\/uploads\/2024\/03\/Remise-en-tension-scaled.jpg\" data-thumb=\"https:\/\/atelieremiliefilimon.fr\/wp-content\/uploads\/2024\/03\/Remise-en-tension-scaled-600x400.jpg\" class=\"ml-lightbox-enabled\"><img loading=\"lazy\" decoding=\"async\" src=\"https:\/\/atelieremiliefilimon.fr\/wp-content\/uploads\/2024\/03\/Remise-en-tension-scaled-600x400.jpg\" height=\"400\" width=\"600\" alt=\"prestations-remise en tension\" class=\"slider-450 slide-837 msDefaultImage\" title=\"Remise en tension\" \/><\/a><div class=\"caption-wrap\"><div class=\"caption\"><div><strong>Remise en tension<\/strong><\/div><\/div><\/div><\/li>\n                <li style=\"display: none; width: 100%;\" class=\"slide-838 ms-image \" aria-roledescription=\"slide\" data-date=\"2024-03-05 22:14:07\" data-filename=\"Depoussierage-scaled-600x400.jpg\" data-slide-type=\"image\"><a href=\"https:\/\/atelieremiliefilimon.fr\/wp-content\/uploads\/2024\/03\/Depoussierage-scaled.jpg\" data-src=\"https:\/\/atelieremiliefilimon.fr\/wp-content\/uploads\/2024\/03\/Depoussierage-scaled.jpg\" data-thumb=\"https:\/\/atelieremiliefilimon.fr\/wp-content\/uploads\/2024\/03\/Depoussierage-scaled-600x400.jpg\" class=\"ml-lightbox-enabled\"><img loading=\"lazy\" decoding=\"async\" src=\"https:\/\/atelieremiliefilimon.fr\/wp-content\/uploads\/2024\/03\/Depoussierage-scaled-600x400.jpg\" height=\"400\" width=\"600\" alt=\"prestations-d\u00e9poussi\u00e9rage\" class=\"slider-450 slide-838 msDefaultImage\" title=\"De\u0301poussie\u0301rage\" \/><\/a><div class=\"caption-wrap\"><div class=\"caption\"><div><strong>D\u00e9poussi\u00e9rage<\/strong><\/div><\/div><\/div><\/li>\n                <li style=\"display: none; width: 100%;\" class=\"slide-839 ms-image \" aria-roledescription=\"slide\" data-date=\"2024-03-05 22:14:07\" data-filename=\"Preparation-chassis-scaled-600x400.jpg\" data-slide-type=\"image\"><a href=\"https:\/\/atelieremiliefilimon.fr\/wp-content\/uploads\/2024\/03\/Preparation-chassis-scaled.jpg\" data-src=\"https:\/\/atelieremiliefilimon.fr\/wp-content\/uploads\/2024\/03\/Preparation-chassis-scaled.jpg\" data-thumb=\"https:\/\/atelieremiliefilimon.fr\/wp-content\/uploads\/2024\/03\/Preparation-chassis-scaled-600x400.jpg\" class=\"ml-lightbox-enabled\"><img loading=\"lazy\" decoding=\"async\" src=\"https:\/\/atelieremiliefilimon.fr\/wp-content\/uploads\/2024\/03\/Preparation-chassis-scaled-600x400.jpg\" height=\"400\" width=\"600\" alt=\"prestations-pr\u00e9paration ch\u00e2ssis\" class=\"slider-450 slide-839 msDefaultImage\" title=\"Pre\u0301paration cha\u0302ssis\" \/><\/a><div class=\"caption-wrap\"><div class=\"caption\"><div><strong>Pr\u00e9paration ch\u00e2ssis au brou de noix<\/strong><\/div><\/div><\/div><\/li>\n                <li style=\"display: none; width: 100%;\" class=\"slide-840 ms-image \" aria-roledescription=\"slide\" data-date=\"2024-03-05 22:14:07\" data-filename=\"Bordage-de-finition-scaled-600x400.jpg\" data-slide-type=\"image\"><a href=\"https:\/\/atelieremiliefilimon.fr\/wp-content\/uploads\/2024\/03\/Bordage-de-finition-scaled.jpg\" data-src=\"https:\/\/atelieremiliefilimon.fr\/wp-content\/uploads\/2024\/03\/Bordage-de-finition-scaled.jpg\" data-thumb=\"https:\/\/atelieremiliefilimon.fr\/wp-content\/uploads\/2024\/03\/Bordage-de-finition-scaled-600x400.jpg\" class=\"ml-lightbox-enabled\"><img loading=\"lazy\" decoding=\"async\" src=\"https:\/\/atelieremiliefilimon.fr\/wp-content\/uploads\/2024\/03\/Bordage-de-finition-scaled-600x400.jpg\" height=\"400\" width=\"600\" alt=\"prestations-bordage de finition\" class=\"slider-450 slide-840 msDefaultImage\" title=\"Bordage de finition\" \/><\/a><div class=\"caption-wrap\"><div class=\"caption\"><div><strong>Bordage de finition<\/strong><\/div><\/div><\/div><\/li>\n            <\/ul>\n        <\/div>\n        \n    <\/div>\n<\/div><\/div>\n<\/div>\n<\/div>\n\n\n\n<p style=\"font-size:16px\"><strong>Restauration d\u2019\u0153uvres d\u2019art : \u00e9thique et expertise<\/strong><br> <br>Toutes nos restaurations respectent strictement le <strong>code d\u2019\u00e9thique E.C.C.O<\/strong>. <br><strong>Notre mission<\/strong> : pr\u00e9server l\u2019<strong>int\u00e9grit\u00e9<\/strong> <strong>esth\u00e9tique, historique et physique<\/strong> des \u0153uvres pour les transmettre aux g\u00e9n\u00e9rations futures.<\/p>\n\n\n\n<p class=\"has-text-align-left\"><strong>M\u00e9thodologie rigoureuse :<\/strong><\/p>\n\n\n\n<ul class=\"wp-block-list\">\n<li>Utilisation exclusive de <strong>mat\u00e9riaux stables et r\u00e9versibles<\/strong>.<\/li>\n\n\n\n<li><strong>Respect absolu<\/strong> de la mati\u00e8re originale, sans interpr\u00e9tation ni modification.<\/li>\n\n\n\n<li><strong>\u00c9tude pr\u00e9alable<\/strong> syst\u00e9matique pour \u00e9valuer les alt\u00e9rations et proposer un protocole adapt\u00e9.<\/li>\n\n\n\n<li><strong>Devis d\u00e9taill\u00e9<\/strong> \u00e9tabli apr\u00e8s diagnostic.<\/li>\n<\/ul>\n\n\n\n<p style=\"font-size:16px\"><strong>Intervention sur mesure<\/strong> selon l\u2019\u00e9tat de l\u2019\u0153uvre, son lieu de conservation et les attentes du propri\u00e9taire.<\/p>\n\n\n\n<p><\/p>\n","protected":false},"excerpt":{"rendered":"<p>Atelier sp\u00e9cialis\u00e9 : restauration de peintures \u00e0 l\u2019huile sur toile, bois, carton, cuivre.Chaque \u0153uvre fait l\u2019objet d\u2019une \u00e9tude approfondie pour un protocole de restauration sur mesure. Principales prestations de couche picturale et support Refixage et consolidation de pertes de mati\u00e8re picturale D\u00e9crassage et all\u00e8gement de vernis Comblement des lacunes R\u00e9int\u00e9gration chromatique Couche de protection Reprise&#8230;<\/p>\n","protected":false},"author":1,"featured_media":0,"parent":0,"menu_order":0,"comment_status":"closed","ping_status":"closed","template":"","meta":{"_monsterinsights_skip_tracking":false,"_monsterinsights_sitenote_active":false,"_monsterinsights_sitenote_note":"","_monsterinsights_sitenote_category":0,"_uf_show_specific_survey":0,"_uf_disable_surveys":false,"_kad_post_transparent":"default","_kad_post_title":"default","_kad_post_layout":"default","_kad_post_sidebar_id":"","_kad_post_content_style":"","_kad_post_vertical_padding":"default","_kad_post_feature":"default","_kad_post_feature_position":"","_kad_post_header":false,"_kad_post_footer":false,"footnotes":""},"class_list":["post-72","page","type-page","status-publish","hentry"],"yoast_head":"<!-- This site is optimized with the Yoast SEO plugin v26.4 - https:\/\/yoast.com\/wordpress\/plugins\/seo\/ -->\n<title>PRESTATIONS - Atelier \u00c9milie Filimon<\/title>\n<meta name=\"description\" content=\"Prestations Atelier Emilie Filimon. Nettoyage Couche Picturale. All\u00e9gement du vernis. Masticage. R\u00e9int\u00e9gration chromatique. Rentoilage.\" \/>\n<meta name=\"robots\" content=\"index, follow, max-snippet:-1, max-image-preview:large, max-video-preview:-1\" \/>\n<link rel=\"canonical\" href=\"https:\/\/atelieremiliefilimon.fr\/index.php\/prestations-atelier-emilie-filimon\/\" \/>\n<meta property=\"og:locale\" content=\"fr_FR\" \/>\n<meta property=\"og:type\" content=\"article\" \/>\n<meta property=\"og:title\" content=\"PRESTATIONS - Atelier \u00c9milie Filimon\" \/>\n<meta property=\"og:description\" content=\"Prestations Atelier Emilie Filimon. Nettoyage Couche Picturale. All\u00e9gement du vernis. Masticage. R\u00e9int\u00e9gration chromatique. Rentoilage.\" \/>\n<meta property=\"og:url\" content=\"https:\/\/atelieremiliefilimon.fr\/index.php\/prestations-atelier-emilie-filimon\/\" \/>\n<meta property=\"og:site_name\" content=\"Atelier \u00c9milie Filimon\" \/>\n<meta property=\"article:modified_time\" content=\"2025-11-03T21:42:00+00:00\" \/>\n<meta name=\"twitter:card\" content=\"summary_large_image\" \/>\n<meta name=\"twitter:label1\" content=\"Dur\u00e9e de lecture estim\u00e9e\" \/>\n\t<meta name=\"twitter:data1\" content=\"1 minute\" \/>\n<script type=\"application\/ld+json\" class=\"yoast-schema-graph\">{\"@context\":\"https:\/\/schema.org\",\"@graph\":[{\"@type\":\"WebPage\",\"@id\":\"https:\/\/atelieremiliefilimon.fr\/index.php\/prestations-atelier-emilie-filimon\/\",\"url\":\"https:\/\/atelieremiliefilimon.fr\/index.php\/prestations-atelier-emilie-filimon\/\",\"name\":\"PRESTATIONS - Atelier \u00c9milie Filimon\",\"isPartOf\":{\"@id\":\"https:\/\/atelieremiliefilimon.fr\/#website\"},\"datePublished\":\"2023-04-04T15:41:52+00:00\",\"dateModified\":\"2025-11-03T21:42:00+00:00\",\"description\":\"Prestations Atelier Emilie Filimon. Nettoyage Couche Picturale. All\u00e9gement du vernis. Masticage. R\u00e9int\u00e9gration chromatique. Rentoilage.\",\"breadcrumb\":{\"@id\":\"https:\/\/atelieremiliefilimon.fr\/index.php\/prestations-atelier-emilie-filimon\/#breadcrumb\"},\"inLanguage\":\"fr-FR\",\"potentialAction\":[{\"@type\":\"ReadAction\",\"target\":[\"https:\/\/atelieremiliefilimon.fr\/index.php\/prestations-atelier-emilie-filimon\/\"]}]},{\"@type\":\"BreadcrumbList\",\"@id\":\"https:\/\/atelieremiliefilimon.fr\/index.php\/prestations-atelier-emilie-filimon\/#breadcrumb\",\"itemListElement\":[{\"@type\":\"ListItem\",\"position\":1,\"name\":\"Accueil\",\"item\":\"https:\/\/atelieremiliefilimon.fr\/\"},{\"@type\":\"ListItem\",\"position\":2,\"name\":\"PRESTATIONS\"}]},{\"@type\":\"WebSite\",\"@id\":\"https:\/\/atelieremiliefilimon.fr\/#website\",\"url\":\"https:\/\/atelieremiliefilimon.fr\/\",\"name\":\"Atelier \u00c9milie Filimon\",\"description\":\"Restauration de tableaux\",\"publisher\":{\"@id\":\"https:\/\/atelieremiliefilimon.fr\/#organization\"},\"alternateName\":\"Restauration de tableaux\",\"potentialAction\":[{\"@type\":\"SearchAction\",\"target\":{\"@type\":\"EntryPoint\",\"urlTemplate\":\"https:\/\/atelieremiliefilimon.fr\/?s={search_term_string}\"},\"query-input\":{\"@type\":\"PropertyValueSpecification\",\"valueRequired\":true,\"valueName\":\"search_term_string\"}}],\"inLanguage\":\"fr-FR\"},{\"@type\":\"Organization\",\"@id\":\"https:\/\/atelieremiliefilimon.fr\/#organization\",\"name\":\"Atelier \u00c9milie Filimon Restauration de tableaux\",\"alternateName\":\"Restauration de tableaux\",\"url\":\"https:\/\/atelieremiliefilimon.fr\/\",\"logo\":{\"@type\":\"ImageObject\",\"inLanguage\":\"fr-FR\",\"@id\":\"https:\/\/atelieremiliefilimon.fr\/#\/schema\/logo\/image\/\",\"url\":\"https:\/\/atelieremiliefilimon.fr\/wp-content\/uploads\/2024\/03\/test-dallegement-de-vernis-scaled.jpg\",\"contentUrl\":\"https:\/\/atelieremiliefilimon.fr\/wp-content\/uploads\/2024\/03\/test-dallegement-de-vernis-scaled.jpg\",\"width\":2560,\"height\":1707,\"caption\":\"Atelier \u00c9milie Filimon Restauration de tableaux\"},\"image\":{\"@id\":\"https:\/\/atelieremiliefilimon.fr\/#\/schema\/logo\/image\/\"}}]}<\/script>\n<!-- \/ Yoast SEO plugin. -->","yoast_head_json":{"title":"PRESTATIONS - Atelier \u00c9milie Filimon","description":"Prestations Atelier Emilie Filimon. Nettoyage Couche Picturale. All\u00e9gement du vernis. Masticage. R\u00e9int\u00e9gration chromatique. Rentoilage.","robots":{"index":"index","follow":"follow","max-snippet":"max-snippet:-1","max-image-preview":"max-image-preview:large","max-video-preview":"max-video-preview:-1"},"canonical":"https:\/\/atelieremiliefilimon.fr\/index.php\/prestations-atelier-emilie-filimon\/","og_locale":"fr_FR","og_type":"article","og_title":"PRESTATIONS - Atelier \u00c9milie Filimon","og_description":"Prestations Atelier Emilie Filimon. Nettoyage Couche Picturale. All\u00e9gement du vernis. Masticage. R\u00e9int\u00e9gration chromatique. Rentoilage.","og_url":"https:\/\/atelieremiliefilimon.fr\/index.php\/prestations-atelier-emilie-filimon\/","og_site_name":"Atelier \u00c9milie Filimon","article_modified_time":"2025-11-03T21:42:00+00:00","twitter_card":"summary_large_image","twitter_misc":{"Dur\u00e9e de lecture estim\u00e9e":"1 minute"},"schema":{"@context":"https:\/\/schema.org","@graph":[{"@type":"WebPage","@id":"https:\/\/atelieremiliefilimon.fr\/index.php\/prestations-atelier-emilie-filimon\/","url":"https:\/\/atelieremiliefilimon.fr\/index.php\/prestations-atelier-emilie-filimon\/","name":"PRESTATIONS - Atelier \u00c9milie Filimon","isPartOf":{"@id":"https:\/\/atelieremiliefilimon.fr\/#website"},"datePublished":"2023-04-04T15:41:52+00:00","dateModified":"2025-11-03T21:42:00+00:00","description":"Prestations Atelier Emilie Filimon. Nettoyage Couche Picturale. All\u00e9gement du vernis. Masticage. R\u00e9int\u00e9gration chromatique. Rentoilage.","breadcrumb":{"@id":"https:\/\/atelieremiliefilimon.fr\/index.php\/prestations-atelier-emilie-filimon\/#breadcrumb"},"inLanguage":"fr-FR","potentialAction":[{"@type":"ReadAction","target":["https:\/\/atelieremiliefilimon.fr\/index.php\/prestations-atelier-emilie-filimon\/"]}]},{"@type":"BreadcrumbList","@id":"https:\/\/atelieremiliefilimon.fr\/index.php\/prestations-atelier-emilie-filimon\/#breadcrumb","itemListElement":[{"@type":"ListItem","position":1,"name":"Accueil","item":"https:\/\/atelieremiliefilimon.fr\/"},{"@type":"ListItem","position":2,"name":"PRESTATIONS"}]},{"@type":"WebSite","@id":"https:\/\/atelieremiliefilimon.fr\/#website","url":"https:\/\/atelieremiliefilimon.fr\/","name":"Atelier \u00c9milie Filimon","description":"Restauration de tableaux","publisher":{"@id":"https:\/\/atelieremiliefilimon.fr\/#organization"},"alternateName":"Restauration de tableaux","potentialAction":[{"@type":"SearchAction","target":{"@type":"EntryPoint","urlTemplate":"https:\/\/atelieremiliefilimon.fr\/?s={search_term_string}"},"query-input":{"@type":"PropertyValueSpecification","valueRequired":true,"valueName":"search_term_string"}}],"inLanguage":"fr-FR"},{"@type":"Organization","@id":"https:\/\/atelieremiliefilimon.fr\/#organization","name":"Atelier \u00c9milie Filimon Restauration de tableaux","alternateName":"Restauration de tableaux","url":"https:\/\/atelieremiliefilimon.fr\/","logo":{"@type":"ImageObject","inLanguage":"fr-FR","@id":"https:\/\/atelieremiliefilimon.fr\/#\/schema\/logo\/image\/","url":"https:\/\/atelieremiliefilimon.fr\/wp-content\/uploads\/2024\/03\/test-dallegement-de-vernis-scaled.jpg","contentUrl":"https:\/\/atelieremiliefilimon.fr\/wp-content\/uploads\/2024\/03\/test-dallegement-de-vernis-scaled.jpg","width":2560,"height":1707,"caption":"Atelier \u00c9milie Filimon Restauration de tableaux"},"image":{"@id":"https:\/\/atelieremiliefilimon.fr\/#\/schema\/logo\/image\/"}}]}},"_links":{"self":[{"href":"https:\/\/atelieremiliefilimon.fr\/index.php\/wp-json\/wp\/v2\/pages\/72","targetHints":{"allow":["GET"]}}],"collection":[{"href":"https:\/\/atelieremiliefilimon.fr\/index.php\/wp-json\/wp\/v2\/pages"}],"about":[{"href":"https:\/\/atelieremiliefilimon.fr\/index.php\/wp-json\/wp\/v2\/types\/page"}],"author":[{"embeddable":true,"href":"https:\/\/atelieremiliefilimon.fr\/index.php\/wp-json\/wp\/v2\/users\/1"}],"replies":[{"embeddable":true,"href":"https:\/\/atelieremiliefilimon.fr\/index.php\/wp-json\/wp\/v2\/comments?post=72"}],"version-history":[{"count":156,"href":"https:\/\/atelieremiliefilimon.fr\/index.php\/wp-json\/wp\/v2\/pages\/72\/revisions"}],"predecessor-version":[{"id":1282,"href":"https:\/\/atelieremiliefilimon.fr\/index.php\/wp-json\/wp\/v2\/pages\/72\/revisions\/1282"}],"wp:attachment":[{"href":"https:\/\/atelieremiliefilimon.fr\/index.php\/wp-json\/wp\/v2\/media?parent=72"}],"curies":[{"name":"wp","href":"https:\/\/api.w.org\/{rel}","templated":true}]}}